{"id":431,"date":"2016-11-18T08:10:33","date_gmt":"2016-11-18T08:10:33","guid":{"rendered":"http:\/\/www.maderaslasierra.es\/en\/donde-estamos\/"},"modified":"2025-06-03T07:07:04","modified_gmt":"2025-06-03T07:07:04","slug":"where-we-are","status":"publish","type":"page","link":"https:\/\/www.maderaslasierra.es\/en\/where-we-are\/","title":{"rendered":"Where we are"},"content":{"rendered":"<div class=\"wpb-content-wrapper\"><p>[vc_row css=&#8221;.vc_custom_1481065623293{margin-bottom: 20px !important;}&#8221;][vc_column][vc_row_inner el_class=&#8221;imagen_cabecera&#8221; css=&#8221;.vc_custom_1527804977266{background-image: url(https:\/\/www.maderaslasierra.es\/wp-content\/uploads\/2016\/11\/trevias.jpg?id=387) !important;background-position: center !important;background-repeat: no-repeat !important;background-size: cover !important;}&#8221;][vc_column_inner][\/vc_column_inner][\/vc_row_inner][vc_raw_html]JTNDZGl2JTIwY2xhc3MlM0QlMjJicmVhZGNydW1iJTIyJTNFJTNDYSUyMGhyZWYlM0QlMjJodHRwJTNBJTJGJTJGd3d3Lm1hZGVyYXNsYXNpZXJyYS5lcyUyRiUyMiUzRUhvbWUlM0MlMkZhJTNFJTIwJTJGJTIwJTNDc3Ryb25nJTNFV2hlcmUlMjAlMEF3ZSUyMGFyZSUzQyUyRnN0cm9uZyUzRSUzQyUyRmRpdiUzRQ==[\/vc_raw_html][\/vc_column][\/vc_row][vc_row css=&#8221;.vc_custom_1479545199272{margin-bottom: 25px !important;}&#8221;][vc_column][vc_column_text]<\/p>\n<h1><strong>Where we are<\/strong><\/h1>\n<p>[\/vc_column_text][\/vc_column][\/vc_row][vc_row css=&#8221;.vc_custom_1748901195087{margin-bottom: 25px !important;}&#8221; el_class=&#8221;content-donde-estamos&#8221;][vc_column width=&#8221;1\/5&#8243;][vc_column_text css=&#8221;&#8221;]We are en <strong>Trev\u00edas<\/strong>, town situated in the <strong>asturian occident<\/strong> belonging to the Council of Vald\u00e9s.<\/p>\n<p>To least of an hour of <strong>Oviedo<\/strong> and of <strong>Gij\u00f3n<\/strong> and half hour of the <strong>Airport of Asturias<\/strong>.<\/p>\n<p>The warehouse is situated in the neighbouring town of <strong>Brieves<\/strong> to 2,5 km of <strong>Trev\u00edas<\/strong> in direction to <strong>La Espina<\/strong> by the road N-643.[\/vc_column_text][\/vc_column][vc_column width=&#8221;4\/5&#8243;][vc_column_text css=&#8221;&#8221;]<iframe loading=\"lazy\" style=\"border: 0;\" src=\"https:\/\/www.google.com\/maps\/embed?pb=!1m18!1m12!1m3!1d370429.2424019456!2d-6.716977378209817!3d43.502784979126744!2m3!1f0!2f0!3f0!3m2!1i1024!2i768!4f13.1!3m3!1m2!1s0xd3156b6248339c1%3A0x541111192e47238d!2sHijos+de+Luis+Mart%C3%ADnez+Nore%C3%B1a+S.L.+(+Maderas+La+Sierra)!5e0!3m2!1sit!2ses!4v1527808225942\" width=\"800\" height=\"380\" frameborder=\"0\" allowfullscreen=\"allowfullscreen\"><\/iframe>[\/vc_column_text][\/vc_column][\/vc_row][vc_row css=&#8221;.vc_custom_1748901331161{margin-bottom: 25px !important;}&#8221; el_class=&#8221;content-donde-estamos como-llegar&#8221;][vc_column width=&#8221;1\/5&#8243; el_class=&#8221;title&#8221;][vc_column_text css=&#8221;&#8221;]<\/p>\n<h2>How arrive?<\/h2>\n<p>[\/vc_column_text][\/vc_column][vc_column width=&#8221;1\/5&#8243; el_class=&#8221;image&#8221;][vc_column_text css=&#8221;&#8221;]<img loading=\"lazy\" decoding=\"async\" width=\"224\" height=\"140\" class=\"alignnone size-full wp-image-93\" src=\"http:\/\/www.maderaslasierra.es\/wp-content\/uploads\/2016\/11\/como-llegar-1.jpg\" alt=\"como-llegar-1\" srcset=\"https:\/\/www.maderaslasierra.es\/wp-content\/uploads\/2016\/11\/como-llegar-1.jpg 224w, https:\/\/www.maderaslasierra.es\/wp-content\/uploads\/2016\/11\/como-llegar-1-120x75.jpg 120w\" sizes=\"auto, (max-width: 224px) 100vw, 224px\" \/>[\/vc_column_text][\/vc_column][vc_column width=&#8221;1\/5&#8243; el_class=&#8221;text&#8221;][vc_column_text css=&#8221;&#8221;]<strong>FROM THE CENTRE OF ASTURIAS<\/strong><\/p>\n<p>Detour 457 of the Autov\u00eda of the Cant\u00e1brico to his go through Cadavedo direction Cortina (road AS-3 or AS-268).[\/vc_column_text][\/vc_column][vc_column width=&#8221;1\/5&#8243; el_class=&#8221;image&#8221;][vc_column_text css=&#8221;&#8221;]<img loading=\"lazy\" decoding=\"async\" width=\"224\" height=\"140\" class=\"alignnone size-full wp-image-94\" src=\"http:\/\/www.maderaslasierra.es\/wp-content\/uploads\/2016\/11\/como-llegar-2.jpg\" alt=\"como-llegar-2\" srcset=\"https:\/\/www.maderaslasierra.es\/wp-content\/uploads\/2016\/11\/como-llegar-2.jpg 224w, https:\/\/www.maderaslasierra.es\/wp-content\/uploads\/2016\/11\/como-llegar-2-120x75.jpg 120w\" sizes=\"auto, (max-width: 224px) 100vw, 224px\" \/>[\/vc_column_text][\/vc_column][vc_column width=&#8221;1\/5&#8243; el_class=&#8221;text&#8221;][vc_column_text css=&#8221;&#8221;]<strong>FROM GALICIA<\/strong><br \/>\nDetour 458 of the Autov\u00eda of the Cant\u00e1brico to his go through the town of Cadavedo direction Cortina (road AS-3 or AS-268[\/vc_column_text][\/vc_column][\/vc_row]<\/p>\n<\/div>","protected":false},"excerpt":{"rendered":"[vc_row css=&#8221;.vc_custom_1481065623293{margin-bottom: 20px !important;}&#8221;][vc_column][vc_row_inner el_class=&#8221;imagen_cabecera&#8221; css=&#8221;.vc_custom_1527804977266{background-image: url(https:\/\/www.maderaslasierra.es\/wp-content\/uploads\/2016\/11\/trevias.jpg?id=387) !important;background-position: center !important;background-repeat: no-repeat !important;background-size: cover !important;}&#8221;][vc_column_inner][\/vc_column_inner][\/vc_row_inner][vc_raw_html]JTNDZGl2JTIwY2xhc3MlM0QlMjJicmVhZGNydW1iJTIyJTNFJTNDYSUyMGhyZWYlM0QlMjJodHRwJTNBJTJGJTJGd3d3Lm1hZGVyYXNsYXNpZXJyYS5lcyUyRiUyMiUzRUhvbWUlM0MlMkZhJTNFJTIwJTJGJTIwJTNDc3Ryb25nJTNFV2hlcmUlMjAlMEF3ZSUyMGFyZSUzQyUyRnN0cm9uZyUzRSUzQyUyRmRpdiUzRQ==[\/vc_raw_html][\/vc_column][\/vc_row][vc_row css=&#8221;.vc_custom_1479545199272{margin-bottom: 25px !important;}&#8221;][vc_column][vc_column_text] Where we are [\/vc_column_text][\/vc_column][\/vc_row][vc_row css=&#8221;.vc_custom_1748901195087{margin-bottom: 25px !important;}&#8221; el_class=&#8221;content-donde-estamos&#8221;][vc_column width=&#8221;1\/5&#8243;][vc_column_text css=&#8221;&#8221;]We are en Trev\u00edas, town situated in the asturian occident belonging to the Council of Vald\u00e9s. To least of an hour of Oviedo and of Gij\u00f3n and half hour&#8230; <a class=\"view-article\" href=\"https:\/\/www.maderaslasierra.es\/en\/where-we-are\/\">View Article<\/a>","protected":false},"author":2,"featured_media":0,"parent":0,"menu_order":0,"comment_status":"closed","ping_status":"closed","template":"","meta":{"footnotes":""},"class_list":["post-431","page","type-page","status-publish","hentry"],"yoast_head":"<!-- This site is optimized with the Yoast SEO plugin v27.1.1 - https:\/\/yoast.com\/product\/yoast-seo-wordpress\/ -->\n<title>Where we are - Maderas La Sierra<\/title>\n<meta name=\"robots\" content=\"index, follow, max-snippet:-1, max-image-preview:large, max-video-preview:-1\" \/>\n<link rel=\"canonical\" href=\"https:\/\/www.maderaslasierra.es\/en\/where-we-are\/\" \/>\n<meta property=\"og:locale\" content=\"en_US\" \/>\n<meta property=\"og:type\" content=\"article\" \/>\n<meta property=\"og:title\" content=\"Where we are - Maderas La Sierra\" \/>\n<meta property=\"og:description\" content=\"[vc_row css=&#8221;.vc_custom_1481065623293{margin-bottom: 20px !important;}&#8221;][vc_column][vc_row_inner el_class=&#8221;imagen_cabecera&#8221; css=&#8221;.vc_custom_1527804977266{background-image: url(https:\/\/www.maderaslasierra.es\/wp-content\/uploads\/2016\/11\/trevias.jpg?id=387) !important;background-position: center !important;background-repeat: no-repeat !important;background-size: cover !important;}&#8221;][vc_column_inner][\/vc_column_inner][\/vc_row_inner][vc_raw_html]JTNDZGl2JTIwY2xhc3MlM0QlMjJicmVhZGNydW1iJTIyJTNFJTNDYSUyMGhyZWYlM0QlMjJodHRwJTNBJTJGJTJGd3d3Lm1hZGVyYXNsYXNpZXJyYS5lcyUyRiUyMiUzRUhvbWUlM0MlMkZhJTNFJTIwJTJGJTIwJTNDc3Ryb25nJTNFV2hlcmUlMjAlMEF3ZSUyMGFyZSUzQyUyRnN0cm9uZyUzRSUzQyUyRmRpdiUzRQ==[\/vc_raw_html][\/vc_column][\/vc_row][vc_row css=&#8221;.vc_custom_1479545199272{margin-bottom: 25px !important;}&#8221;][vc_column][vc_column_text] Where we are [\/vc_column_text][\/vc_column][\/vc_row][vc_row css=&#8221;.vc_custom_1748901195087{margin-bottom: 25px !important;}&#8221; el_class=&#8221;content-donde-estamos&#8221;][vc_column width=&#8221;1\/5&#8243;][vc_column_text css=&#8221;&#8221;]We are en Trev\u00edas, town situated in the asturian occident belonging to the Council of Vald\u00e9s. To least of an hour of Oviedo and of Gij\u00f3n and half hour... View Article\" \/>\n<meta property=\"og:url\" content=\"https:\/\/www.maderaslasierra.es\/en\/where-we-are\/\" \/>\n<meta property=\"og:site_name\" content=\"Maderas La Sierra\" \/>\n<meta property=\"article:modified_time\" content=\"2025-06-03T07:07:04+00:00\" \/>\n<meta property=\"og:image\" content=\"http:\/\/www.maderaslasierra.es\/wp-content\/uploads\/2016\/11\/como-llegar-1.jpg\" \/>\n<meta name=\"twitter:card\" content=\"summary_large_image\" \/>\n<meta name=\"twitter:label1\" content=\"Est. reading time\" \/>\n\t<meta name=\"twitter:data1\" content=\"2 minutes\" \/>\n<script type=\"application\/ld+json\" class=\"yoast-schema-graph\">{\"@context\":\"https:\/\/schema.org\",\"@graph\":[{\"@type\":\"WebPage\",\"@id\":\"https:\/\/www.maderaslasierra.es\/en\/where-we-are\/\",\"url\":\"https:\/\/www.maderaslasierra.es\/en\/where-we-are\/\",\"name\":\"Where we are - Maderas La Sierra\",\"isPartOf\":{\"@id\":\"https:\/\/www.maderaslasierra.es\/en\/#website\"},\"primaryImageOfPage\":{\"@id\":\"https:\/\/www.maderaslasierra.es\/en\/where-we-are\/#primaryimage\"},\"image\":{\"@id\":\"https:\/\/www.maderaslasierra.es\/en\/where-we-are\/#primaryimage\"},\"thumbnailUrl\":\"http:\/\/www.maderaslasierra.es\/wp-content\/uploads\/2016\/11\/como-llegar-1.jpg\",\"datePublished\":\"2016-11-18T08:10:33+00:00\",\"dateModified\":\"2025-06-03T07:07:04+00:00\",\"breadcrumb\":{\"@id\":\"https:\/\/www.maderaslasierra.es\/en\/where-we-are\/#breadcrumb\"},\"inLanguage\":\"en-US\",\"potentialAction\":[{\"@type\":\"ReadAction\",\"target\":[\"https:\/\/www.maderaslasierra.es\/en\/where-we-are\/\"]}]},{\"@type\":\"ImageObject\",\"inLanguage\":\"en-US\",\"@id\":\"https:\/\/www.maderaslasierra.es\/en\/where-we-are\/#primaryimage\",\"url\":\"http:\/\/www.maderaslasierra.es\/wp-content\/uploads\/2016\/11\/como-llegar-1.jpg\",\"contentUrl\":\"http:\/\/www.maderaslasierra.es\/wp-content\/uploads\/2016\/11\/como-llegar-1.jpg\"},{\"@type\":\"BreadcrumbList\",\"@id\":\"https:\/\/www.maderaslasierra.es\/en\/where-we-are\/#breadcrumb\",\"itemListElement\":[{\"@type\":\"ListItem\",\"position\":1,\"name\":\"Portada\",\"item\":\"https:\/\/www.maderaslasierra.es\/en\/\"},{\"@type\":\"ListItem\",\"position\":2,\"name\":\"Where we are\"}]},{\"@type\":\"WebSite\",\"@id\":\"https:\/\/www.maderaslasierra.es\/en\/#website\",\"url\":\"https:\/\/www.maderaslasierra.es\/en\/\",\"name\":\"Maderas La Sierra\",\"description\":\"Otro sitio realizado con WordPress\",\"potentialAction\":[{\"@type\":\"SearchAction\",\"target\":{\"@type\":\"EntryPoint\",\"urlTemplate\":\"https:\/\/www.maderaslasierra.es\/en\/?s={search_term_string}\"},\"query-input\":{\"@type\":\"PropertyValueSpecification\",\"valueRequired\":true,\"valueName\":\"search_term_string\"}}],\"inLanguage\":\"en-US\"}]}<\/script>\n<!-- \/ Yoast SEO plugin. -->","yoast_head_json":{"title":"Where we are - Maderas La Sierra","robots":{"index":"index","follow":"follow","max-snippet":"max-snippet:-1","max-image-preview":"max-image-preview:large","max-video-preview":"max-video-preview:-1"},"canonical":"https:\/\/www.maderaslasierra.es\/en\/where-we-are\/","og_locale":"en_US","og_type":"article","og_title":"Where we are - Maderas La Sierra","og_description":"[vc_row css=&#8221;.vc_custom_1481065623293{margin-bottom: 20px !important;}&#8221;][vc_column][vc_row_inner el_class=&#8221;imagen_cabecera&#8221; css=&#8221;.vc_custom_1527804977266{background-image: url(https:\/\/www.maderaslasierra.es\/wp-content\/uploads\/2016\/11\/trevias.jpg?id=387) !important;background-position: center !important;background-repeat: no-repeat !important;background-size: cover !important;}&#8221;][vc_column_inner][\/vc_column_inner][\/vc_row_inner][vc_raw_html]JTNDZGl2JTIwY2xhc3MlM0QlMjJicmVhZGNydW1iJTIyJTNFJTNDYSUyMGhyZWYlM0QlMjJodHRwJTNBJTJGJTJGd3d3Lm1hZGVyYXNsYXNpZXJyYS5lcyUyRiUyMiUzRUhvbWUlM0MlMkZhJTNFJTIwJTJGJTIwJTNDc3Ryb25nJTNFV2hlcmUlMjAlMEF3ZSUyMGFyZSUzQyUyRnN0cm9uZyUzRSUzQyUyRmRpdiUzRQ==[\/vc_raw_html][\/vc_column][\/vc_row][vc_row css=&#8221;.vc_custom_1479545199272{margin-bottom: 25px !important;}&#8221;][vc_column][vc_column_text] Where we are [\/vc_column_text][\/vc_column][\/vc_row][vc_row css=&#8221;.vc_custom_1748901195087{margin-bottom: 25px !important;}&#8221; el_class=&#8221;content-donde-estamos&#8221;][vc_column width=&#8221;1\/5&#8243;][vc_column_text css=&#8221;&#8221;]We are en Trev\u00edas, town situated in the asturian occident belonging to the Council of Vald\u00e9s. To least of an hour of Oviedo and of Gij\u00f3n and half hour... View Article","og_url":"https:\/\/www.maderaslasierra.es\/en\/where-we-are\/","og_site_name":"Maderas La Sierra","article_modified_time":"2025-06-03T07:07:04+00:00","og_image":[{"url":"http:\/\/www.maderaslasierra.es\/wp-content\/uploads\/2016\/11\/como-llegar-1.jpg","type":"","width":"","height":""}],"twitter_card":"summary_large_image","twitter_misc":{"Est. reading time":"2 minutes"},"schema":{"@context":"https:\/\/schema.org","@graph":[{"@type":"WebPage","@id":"https:\/\/www.maderaslasierra.es\/en\/where-we-are\/","url":"https:\/\/www.maderaslasierra.es\/en\/where-we-are\/","name":"Where we are - Maderas La Sierra","isPartOf":{"@id":"https:\/\/www.maderaslasierra.es\/en\/#website"},"primaryImageOfPage":{"@id":"https:\/\/www.maderaslasierra.es\/en\/where-we-are\/#primaryimage"},"image":{"@id":"https:\/\/www.maderaslasierra.es\/en\/where-we-are\/#primaryimage"},"thumbnailUrl":"http:\/\/www.maderaslasierra.es\/wp-content\/uploads\/2016\/11\/como-llegar-1.jpg","datePublished":"2016-11-18T08:10:33+00:00","dateModified":"2025-06-03T07:07:04+00:00","breadcrumb":{"@id":"https:\/\/www.maderaslasierra.es\/en\/where-we-are\/#breadcrumb"},"inLanguage":"en-US","potentialAction":[{"@type":"ReadAction","target":["https:\/\/www.maderaslasierra.es\/en\/where-we-are\/"]}]},{"@type":"ImageObject","inLanguage":"en-US","@id":"https:\/\/www.maderaslasierra.es\/en\/where-we-are\/#primaryimage","url":"http:\/\/www.maderaslasierra.es\/wp-content\/uploads\/2016\/11\/como-llegar-1.jpg","contentUrl":"http:\/\/www.maderaslasierra.es\/wp-content\/uploads\/2016\/11\/como-llegar-1.jpg"},{"@type":"BreadcrumbList","@id":"https:\/\/www.maderaslasierra.es\/en\/where-we-are\/#breadcrumb","itemListElement":[{"@type":"ListItem","position":1,"name":"Portada","item":"https:\/\/www.maderaslasierra.es\/en\/"},{"@type":"ListItem","position":2,"name":"Where we are"}]},{"@type":"WebSite","@id":"https:\/\/www.maderaslasierra.es\/en\/#website","url":"https:\/\/www.maderaslasierra.es\/en\/","name":"Maderas La Sierra","description":"Otro sitio realizado con WordPress","potentialAction":[{"@type":"SearchAction","target":{"@type":"EntryPoint","urlTemplate":"https:\/\/www.maderaslasierra.es\/en\/?s={search_term_string}"},"query-input":{"@type":"PropertyValueSpecification","valueRequired":true,"valueName":"search_term_string"}}],"inLanguage":"en-US"}]}},"_links":{"self":[{"href":"https:\/\/www.maderaslasierra.es\/en\/wp-json\/wp\/v2\/pages\/431","targetHints":{"allow":["GET"]}}],"collection":[{"href":"https:\/\/www.maderaslasierra.es\/en\/wp-json\/wp\/v2\/pages"}],"about":[{"href":"https:\/\/www.maderaslasierra.es\/en\/wp-json\/wp\/v2\/types\/page"}],"author":[{"embeddable":true,"href":"https:\/\/www.maderaslasierra.es\/en\/wp-json\/wp\/v2\/users\/2"}],"replies":[{"embeddable":true,"href":"https:\/\/www.maderaslasierra.es\/en\/wp-json\/wp\/v2\/comments?post=431"}],"version-history":[{"count":17,"href":"https:\/\/www.maderaslasierra.es\/en\/wp-json\/wp\/v2\/pages\/431\/revisions"}],"predecessor-version":[{"id":5876,"href":"https:\/\/www.maderaslasierra.es\/en\/wp-json\/wp\/v2\/pages\/431\/revisions\/5876"}],"wp:attachment":[{"href":"https:\/\/www.maderaslasierra.es\/en\/wp-json\/wp\/v2\/media?parent=431"}],"curies":[{"name":"wp","href":"https:\/\/api.w.org\/{rel}","templated":true}]}}